{"id":670,"date":"2017-07-21T18:12:44","date_gmt":"2017-07-21T16:12:44","guid":{"rendered":"https:\/\/www.affiliationsoftware.com\/it\/pagina\/?page_id=670"},"modified":"2020-01-17T14:44:47","modified_gmt":"2020-01-17T13:44:47","slug":"domande-frequenti-affiliazione","status":"publish","type":"page","link":"https:\/\/www.affiliationsoftware.com\/it\/pagina\/domande-frequenti-affiliazione\/","title":{"rendered":"Domande frequenti affiliazione"},"content":{"rendered":"<h2>Domande frequenti affiliazione<\/h2>\n<h4>In questa pagina puoi\u00a0trovare le risposte alle domande pi\u00f9 frequenti poste dagli utenti che utilizzano il programma di affiliazione di AffiliationSoftware<\/h4>\n<h5>Come funziona il programma di affiliazione?<\/h5>\n<p>Una volta iscritto al nostro programma di affiliazione potrai guadagnare pubblicizzando il nostro sito web e rivendendo il nostro software di affiliazione.<\/p>\n<h5>Bisogna pagare per iscriversi al programma di affiliazione?<\/h5>\n<p>Assolutamente no, l&#8217;iscrizione al nostro programma di affiliazione \u00e8 completamente gratuita.<\/p>\n<h5>Quanto posso guadagnare?<\/h5>\n<p>Non c\u2019\u00e8 un limite massimo. Guadagnerai in diretta proporzione ai risultati che ottieni pubblicizzando il nostro sito.<\/p>\n<h5>Come faccio a guadagnare le commissioni?<\/h5>\n<p>Basta pubblicizzare il nostro sito web e rivendere il nostro software di affiliazione utilizzando i banner e i link disponibili nel pannello. In questo modo verrai riconosciuto come referente e guadagnerai commissioni in base a determinate azioni generate tramite la tua pubblicit\u00e0.<\/p>\n<h5>Quando ricevo il pagamento delle mie commissioni?<\/h5>\n<p>I pagamenti vengono inviati mensilmente tramite PayPal, Skrill o bonifico bancario non appena l&#8217;affiliato raggiunge 30\u20ac in commissioni approvate.<\/p>\n<h5>Quanto tempo serve per verificare le commissioni?<\/h5>\n<p>Se non diversamente specificato ogni commissione viene verificata entro un massimo di 30 giorni dalla data in cui \u00e8 stata registrata.\u00a0Se \u00e8 considerata valida verr\u00e0 regolarmente approvata e pagata, in caso contrario verr\u00e0 rifiutata.<\/p>\n<h5>Cosa significa commissioni in attesa?<\/h5>\n<p>Ogni commissione viene inizialmente registrata con stato &#8220;in attesa di approvazione&#8221; ed in seguito \u00e8 verificata manualmente da un membro del nostro staff che ne stabilisce l&#8217;autenticit\u00e0 in base a determinati criteri qualitativi e alle condizioni di servizio.<\/p>\n<h5>Cosa significa commissione rifiutata?<\/h5>\n<p>Se una commissione \u00e8 stata rifiutata significa che non \u00e8 conforme alle condizioni di servizio, pertanto non verr\u00e0 pagata.<\/p>\n<h5>Perch\u00e8 la mia commissione \u00e8 stata rifiutata?<\/h5>\n<p>I motivi del rifiuto possono essere diversi, i pi\u00f9 comuni sono: commissioni doppie, commissioni false, tentativi di frode, commissioni sui propri acquisti e commissioni incentivate per aumentare illegalmente i propri guadagni.<\/p>\n<h5>Posso acquistare \/ iscrivermi con il mio link affiliato?<\/h5>\n<p>No, come indicato nelle condizioni di servizio non\u00a0accettiamo commissioni sui propri acquisti (self-purchases).<\/p>\n<h5>Come funzionano le commissioni per Sales (vendite)?<\/h5>\n<p>Ogni commissione per Sale corrisponde a un acquisto del nostro software di affiliazione generato grazie alla tua pubblicit\u00e0. Per ogni acquisto che hai riferito guadagnerai una commissione in percentuale all&#8217;importo pagato dal cliente. Se il cliente utilizza il nostro software di affiliazione per pi\u00f9 mesi, guadagnerai una commissione ogni mese, finch\u00e8 il cliente non si cancella. Se il cliente si iscrive al periodo di prova gratuito guadagnerai la commissione a partire dal primo pagamento.<\/p>\n<h5>Come funzionano le commissioni per Leads (iscrizioni)?<\/h5>\n<p>Le commissioni per Leads devono corrispondere ad un nuovo utente che si iscrive gratuitamente sul nostro sito web tramite la tua pubblicit\u00e0. I servizi inclusi per questo tipo di commissione sono: demo online e directory di affiliati.\u00a0Verranno rifiutate le commissioni per utenti non confermati, falsi o doppi.<\/p>\n<h5>Come funzionano le commissioni per Referrals?<\/h5>\n<p>Ogni commissione per Referral corrisponde ad un nuovo utente che si iscrive al nostro programma di affiliazione grazie alla tua pubblicit\u00e0. Queste commissioni vengono approvate quando l&#8217;utente, dopo essersi iscritto ed aver confermato l&#8217;iscrizione, si dimostra realmente attivo. Verranno rifiutate le commissioni per utenti non confermati, falsi o inattivi.<\/p>\n<h5>Come funzionano le commissioni per Click?<\/h5>\n<p>Le commissioni per click vengono assegnate su richiesta e solo sul traffico di qualit\u00e0. Ogni commissione per click deve corrispondere ad un utente unico che clicca spontaneamente su un banner perch\u00e9 interessato al nostro software di affiliazione. Verranno rifiutate le commissioni incentivate, generate con sistemi automatici, autosurf, ptc e i click effettuati personalmente sui propri banner. Monitoriamo costantemente il traffico in entrata e se la qualit\u00e0 non \u00e8 sufficiente in termini di pageview e conversion rate ci riserviamo il diritto di spostare l&#8217;affiliato in un segmento senza commissioni per click.<\/p>\n<h5>Posso modificare i codici dei banner?<\/h5>\n<p>Non \u00e8 possibile modificare i codici dei banner \/ link disponibili nel nostro programma di affiliazione senza prima averci richiesto l&#8217;autorizzazione.<\/p>\n<h5>Posso cancellarmi\u00a0dal programma di affiliazione in qualunque momento?<\/h5>\n<p>Si, puoi cancellarti dal nostro programma di affiliazione in qualunque momento direttamente dal pannello oppure contattandoci via email.<\/p>\n<h5>Ho altre domande sul programma di affiliazione, come posso contattarvi?<\/h5>\n<p>Per qualunque informazione sul nostro programma di affiliazione \u00e8 possibile contattarci via email dalla pagina <a href=\"https:\/\/www.affiliationsoftware.com\/it\/supporto\">supporto<\/a>.<\/p>\n","protected":false},"excerpt":{"rendered":"<p>Domande frequenti affiliazione In questa pagina puoi\u00a0trovare le risposte alle domande pi\u00f9 frequenti poste dagli utenti che utilizzano il programma di affiliazione di AffiliationSoftware Come funziona il programma di affiliazione? Una volta iscritto al nostro programma di affiliazione potrai guadagnare &hellip;<\/p>\n","protected":false},"author":2,"featured_media":0,"parent":0,"menu_order":0,"comment_status":"closed","ping_status":"closed","template":"","meta":{"footnotes":""},"class_list":["post-670","page","type-page","status-publish","hentry"],"yoast_head":"<!-- This site is optimized with the Yoast SEO plugin v27.6 - https:\/\/yoast.com\/product\/yoast-seo-wordpress\/ -->\n<title>Domande frequenti affiliazione - AffiliationSoftware.com<\/title>\n<meta name=\"description\" content=\"Domande frequenti affiliazione In questa pagina puoi\u00a0trovare le risposte alle domande pi\u00f9 frequenti poste dagli utenti che utilizzano il programma di\" \/>\n<meta name=\"robots\" content=\"index, follow, max-snippet:-1, max-image-preview:large, max-video-preview:-1\" \/>\n<link rel=\"canonical\" href=\"https:\/\/www.affiliationsoftware.com\/it\/pagina\/domande-frequenti-affiliazione\/\" \/>\n<meta property=\"og:locale\" content=\"it_IT\" \/>\n<meta property=\"og:type\" content=\"article\" \/>\n<meta property=\"og:title\" content=\"Domande frequenti affiliazione - AffiliationSoftware.com\" \/>\n<meta property=\"og:description\" content=\"Domande frequenti affiliazione In questa pagina puoi\u00a0trovare le risposte alle domande pi\u00f9 frequenti poste dagli utenti che utilizzano il programma di\" \/>\n<meta property=\"og:url\" content=\"https:\/\/www.affiliationsoftware.com\/it\/pagina\/domande-frequenti-affiliazione\/\" \/>\n<meta property=\"og:site_name\" content=\"AffiliationSoftware.com\" \/>\n<meta property=\"article:publisher\" content=\"https:\/\/www.facebook.com\/affiliationsoftware\" \/>\n<meta property=\"article:modified_time\" content=\"2020-01-17T13:44:47+00:00\" \/>\n<meta name=\"twitter:card\" content=\"summary_large_image\" \/>\n<meta name=\"twitter:site\" content=\"@affiliationsoft\" \/>\n<meta name=\"twitter:label1\" content=\"Tempo di lettura stimato\" \/>\n\t<meta name=\"twitter:data1\" content=\"3 minuti\" \/>\n<script type=\"application\/ld+json\" class=\"yoast-schema-graph\">{\"@context\":\"https:\\\/\\\/schema.org\",\"@graph\":[{\"@type\":\"WebPage\",\"@id\":\"https:\\\/\\\/www.affiliationsoftware.com\\\/it\\\/pagina\\\/domande-frequenti-affiliazione\\\/\",\"url\":\"https:\\\/\\\/www.affiliationsoftware.com\\\/it\\\/pagina\\\/domande-frequenti-affiliazione\\\/\",\"name\":\"Domande frequenti affiliazione - AffiliationSoftware.com\",\"isPartOf\":{\"@id\":\"https:\\\/\\\/www.affiliationsoftware.com\\\/it\\\/pagina\\\/#website\"},\"datePublished\":\"2017-07-21T16:12:44+00:00\",\"dateModified\":\"2020-01-17T13:44:47+00:00\",\"description\":\"Domande frequenti affiliazione In questa pagina puoi\u00a0trovare le risposte alle domande pi\u00f9 frequenti poste dagli utenti che utilizzano il programma di\",\"breadcrumb\":{\"@id\":\"https:\\\/\\\/www.affiliationsoftware.com\\\/it\\\/pagina\\\/domande-frequenti-affiliazione\\\/#breadcrumb\"},\"inLanguage\":\"it-IT\",\"potentialAction\":[{\"@type\":\"ReadAction\",\"target\":[\"https:\\\/\\\/www.affiliationsoftware.com\\\/it\\\/pagina\\\/domande-frequenti-affiliazione\\\/\"]}]},{\"@type\":\"BreadcrumbList\",\"@id\":\"https:\\\/\\\/www.affiliationsoftware.com\\\/it\\\/pagina\\\/domande-frequenti-affiliazione\\\/#breadcrumb\",\"itemListElement\":[{\"@type\":\"ListItem\",\"position\":1,\"name\":\"Home\",\"item\":\"https:\\\/\\\/www.affiliationsoftware.com\\\/it\\\/pagina\\\/\"},{\"@type\":\"ListItem\",\"position\":2,\"name\":\"Domande frequenti affiliazione\"}]},{\"@type\":\"WebSite\",\"@id\":\"https:\\\/\\\/www.affiliationsoftware.com\\\/it\\\/pagina\\\/#website\",\"url\":\"https:\\\/\\\/www.affiliationsoftware.com\\\/it\\\/pagina\\\/\",\"name\":\"AffiliationSoftware.com\",\"description\":\"Crea il tuo Programma di Affiliazione\",\"publisher\":{\"@id\":\"https:\\\/\\\/www.affiliationsoftware.com\\\/it\\\/pagina\\\/#organization\"},\"potentialAction\":[{\"@type\":\"SearchAction\",\"target\":{\"@type\":\"EntryPoint\",\"urlTemplate\":\"https:\\\/\\\/www.affiliationsoftware.com\\\/it\\\/pagina\\\/?s={search_term_string}\"},\"query-input\":{\"@type\":\"PropertyValueSpecification\",\"valueRequired\":true,\"valueName\":\"search_term_string\"}}],\"inLanguage\":\"it-IT\"},{\"@type\":\"Organization\",\"@id\":\"https:\\\/\\\/www.affiliationsoftware.com\\\/it\\\/pagina\\\/#organization\",\"name\":\"AffiliationSoftware.com\",\"url\":\"https:\\\/\\\/www.affiliationsoftware.com\\\/it\\\/pagina\\\/\",\"logo\":{\"@type\":\"ImageObject\",\"inLanguage\":\"it-IT\",\"@id\":\"https:\\\/\\\/www.affiliationsoftware.com\\\/it\\\/pagina\\\/#\\\/schema\\\/logo\\\/image\\\/\",\"url\":\"https:\\\/\\\/www.affiliationsoftware.com\\\/it\\\/pagina\\\/wp-content\\\/uploads\\\/logo-social.jpg\",\"contentUrl\":\"https:\\\/\\\/www.affiliationsoftware.com\\\/it\\\/pagina\\\/wp-content\\\/uploads\\\/logo-social.jpg\",\"width\":250,\"height\":250,\"caption\":\"AffiliationSoftware.com\"},\"image\":{\"@id\":\"https:\\\/\\\/www.affiliationsoftware.com\\\/it\\\/pagina\\\/#\\\/schema\\\/logo\\\/image\\\/\"},\"sameAs\":[\"https:\\\/\\\/www.facebook.com\\\/affiliationsoftware\",\"https:\\\/\\\/x.com\\\/affiliationsoft\",\"https:\\\/\\\/www.youtube.com\\\/c\\\/affiliationsoftwarecom\"]}]}<\/script>\n<!-- \/ Yoast SEO plugin. -->","yoast_head_json":{"title":"Domande frequenti affiliazione - AffiliationSoftware.com","description":"Domande frequenti affiliazione In questa pagina puoi\u00a0trovare le risposte alle domande pi\u00f9 frequenti poste dagli utenti che utilizzano il programma di","robots":{"index":"index","follow":"follow","max-snippet":"max-snippet:-1","max-image-preview":"max-image-preview:large","max-video-preview":"max-video-preview:-1"},"canonical":"https:\/\/www.affiliationsoftware.com\/it\/pagina\/domande-frequenti-affiliazione\/","og_locale":"it_IT","og_type":"article","og_title":"Domande frequenti affiliazione - AffiliationSoftware.com","og_description":"Domande frequenti affiliazione In questa pagina puoi\u00a0trovare le risposte alle domande pi\u00f9 frequenti poste dagli utenti che utilizzano il programma di","og_url":"https:\/\/www.affiliationsoftware.com\/it\/pagina\/domande-frequenti-affiliazione\/","og_site_name":"AffiliationSoftware.com","article_publisher":"https:\/\/www.facebook.com\/affiliationsoftware","article_modified_time":"2020-01-17T13:44:47+00:00","twitter_card":"summary_large_image","twitter_site":"@affiliationsoft","twitter_misc":{"Tempo di lettura stimato":"3 minuti"},"schema":{"@context":"https:\/\/schema.org","@graph":[{"@type":"WebPage","@id":"https:\/\/www.affiliationsoftware.com\/it\/pagina\/domande-frequenti-affiliazione\/","url":"https:\/\/www.affiliationsoftware.com\/it\/pagina\/domande-frequenti-affiliazione\/","name":"Domande frequenti affiliazione - AffiliationSoftware.com","isPartOf":{"@id":"https:\/\/www.affiliationsoftware.com\/it\/pagina\/#website"},"datePublished":"2017-07-21T16:12:44+00:00","dateModified":"2020-01-17T13:44:47+00:00","description":"Domande frequenti affiliazione In questa pagina puoi\u00a0trovare le risposte alle domande pi\u00f9 frequenti poste dagli utenti che utilizzano il programma di","breadcrumb":{"@id":"https:\/\/www.affiliationsoftware.com\/it\/pagina\/domande-frequenti-affiliazione\/#breadcrumb"},"inLanguage":"it-IT","potentialAction":[{"@type":"ReadAction","target":["https:\/\/www.affiliationsoftware.com\/it\/pagina\/domande-frequenti-affiliazione\/"]}]},{"@type":"BreadcrumbList","@id":"https:\/\/www.affiliationsoftware.com\/it\/pagina\/domande-frequenti-affiliazione\/#breadcrumb","itemListElement":[{"@type":"ListItem","position":1,"name":"Home","item":"https:\/\/www.affiliationsoftware.com\/it\/pagina\/"},{"@type":"ListItem","position":2,"name":"Domande frequenti affiliazione"}]},{"@type":"WebSite","@id":"https:\/\/www.affiliationsoftware.com\/it\/pagina\/#website","url":"https:\/\/www.affiliationsoftware.com\/it\/pagina\/","name":"AffiliationSoftware.com","description":"Crea il tuo Programma di Affiliazione","publisher":{"@id":"https:\/\/www.affiliationsoftware.com\/it\/pagina\/#organization"},"potentialAction":[{"@type":"SearchAction","target":{"@type":"EntryPoint","urlTemplate":"https:\/\/www.affiliationsoftware.com\/it\/pagina\/?s={search_term_string}"},"query-input":{"@type":"PropertyValueSpecification","valueRequired":true,"valueName":"search_term_string"}}],"inLanguage":"it-IT"},{"@type":"Organization","@id":"https:\/\/www.affiliationsoftware.com\/it\/pagina\/#organization","name":"AffiliationSoftware.com","url":"https:\/\/www.affiliationsoftware.com\/it\/pagina\/","logo":{"@type":"ImageObject","inLanguage":"it-IT","@id":"https:\/\/www.affiliationsoftware.com\/it\/pagina\/#\/schema\/logo\/image\/","url":"https:\/\/www.affiliationsoftware.com\/it\/pagina\/wp-content\/uploads\/logo-social.jpg","contentUrl":"https:\/\/www.affiliationsoftware.com\/it\/pagina\/wp-content\/uploads\/logo-social.jpg","width":250,"height":250,"caption":"AffiliationSoftware.com"},"image":{"@id":"https:\/\/www.affiliationsoftware.com\/it\/pagina\/#\/schema\/logo\/image\/"},"sameAs":["https:\/\/www.facebook.com\/affiliationsoftware","https:\/\/x.com\/affiliationsoft","https:\/\/www.youtube.com\/c\/affiliationsoftwarecom"]}]}},"jetpack_sharing_enabled":true,"_links":{"self":[{"href":"https:\/\/www.affiliationsoftware.com\/it\/pagina\/wp-json\/wp\/v2\/pages\/670","targetHints":{"allow":["GET"]}}],"collection":[{"href":"https:\/\/www.affiliationsoftware.com\/it\/pagina\/wp-json\/wp\/v2\/pages"}],"about":[{"href":"https:\/\/www.affiliationsoftware.com\/it\/pagina\/wp-json\/wp\/v2\/types\/page"}],"author":[{"embeddable":true,"href":"https:\/\/www.affiliationsoftware.com\/it\/pagina\/wp-json\/wp\/v2\/users\/2"}],"replies":[{"embeddable":true,"href":"https:\/\/www.affiliationsoftware.com\/it\/pagina\/wp-json\/wp\/v2\/comments?post=670"}],"version-history":[{"count":0,"href":"https:\/\/www.affiliationsoftware.com\/it\/pagina\/wp-json\/wp\/v2\/pages\/670\/revisions"}],"wp:attachment":[{"href":"https:\/\/www.affiliationsoftware.com\/it\/pagina\/wp-json\/wp\/v2\/media?parent=670"}],"curies":[{"name":"wp","href":"https:\/\/api.w.org\/{rel}","templated":true}]}}