{"id":53,"date":"2015-04-06T13:38:12","date_gmt":"2015-04-06T11:38:12","guid":{"rendered":"https:\/\/www.affiliationsoftware.com\/it\/pagina\/?page_id=53"},"modified":"2018-04-26T22:21:31","modified_gmt":"2018-04-26T20:21:31","slug":"condizioni","status":"publish","type":"page","link":"https:\/\/www.affiliationsoftware.com\/it\/pagina\/condizioni\/","title":{"rendered":"Termini e condizioni di servizio"},"content":{"rendered":"<h5>TERMINI E CONDIZIONI DI SERVIZIO<\/h5>\n<p>Il presente contratto descrive i termini e le condizioni applicabili ai servizi erogati nel sito web &#8220;https:\/\/www.affiliationsoftware.com&#8221;, di propriet\u00e0 dell&#8217;azienda: IPELWEB di Ilario Pellandini, con sede legale a: Vellano &#8211; 6583 S. Antonio (TI) &#8211; Switzerland &#8211; Partita IVA: CHE115744305 &#8211; Numero registro di commercio: CH50110148835.\u00a0Per qualunque informazione \u00e8 possibile contattarci\u00a0via email da <strong><a href=\"https:\/\/www.affiliationsoftware.com\/it\/supporto#contactus\">questa pagina<\/a><\/strong>.<\/p>\n<h5>CONDIZIONI PRELIMINARI<\/h5>\n<p>Per utilizzare il software di affiliazione presente sul sito AffiliationSoftware il cliente deve accettare le presenti clausole e condizioni all&#8217;atto della registrazione. Registrandosi il cliente dichiara di accettare ogni parte del presente contratto (e successivi aggiornamenti o modifiche come previsto dai seguenti articoli) e si prender\u00e0 quindi tutte le responsabilit\u00e0 dei dati inseriti durante la registrazione. Una volta effettuata la registrazione da parte del cliente, AffiliationSoftware invier\u00e0 a quest&#8217;ultimo un&#8217;e-mail contenente i relativi dati e le istruzioni per l\u2019utilizzo del software di affiliazione, per cui si concluder\u00e0 definitivamente la fase di registrazione e di accettazione dei termini contrattuali. Ad AffiliationSoftware rimane comunque il diritto di rifiutare, a sua totale discrezione, qualsiasi cliente registrato.<\/p>\n<h5>CONDIZIONI DI PARTECIPAZIONE<\/h5>\n<p>Possono richiedere di utilizzare il software di affiliazione disponibile sul sito di AffiliationSoftware le persone fisiche o giuridiche, maggiorenni, i cui siti web abbiano un contenuto che rispetti le norme di legge in vigore, non abbiano contenuti che incitano la violenza, la discriminazione e l&#8217;odio razziale, politico, religioso, ne diffamatori, e che non violino alcun diritto di propriet\u00e0 intellettuale, non promuovano sostanze o attivit\u00e0 illegali n\u00e9 di pirateria informatica. AffiliationSoftware si riserva il diritto di non accettare la registrazione o di procedere alla cancellazione della stessa nel caso in cui ravvisi, per suo esclusivo giudizio, l&#8217;inosservanza di tali condizioni da parte del cliente.<\/p>\n<h5>DURATA E RISOLUZIONE<\/h5>\n<p>Durata e risoluzione: il presente contratto entra in vigore con la manifestazione da parte dell\u2019utente al momento della registrazione al servizio e resta in vigore sino alla sua risoluzione attuata in conformit\u00e0 con le previsioni di cui il contratto medesimo.<\/p>\n<p>Recesso da parte del cliente: Il cliente\u00a0pu\u00f2 recedere\u00a0in qualunque momento\u00a0ed anche senza motivo dal presente contratto mediante comunicazione scritta trasmessa ad AffiliationSoftware tramite e-mail, o annullando il pagamento della mensilit\u00e0 inerente al servizio offerto.<\/p>\n<p>Recesso da parte di AffiliationSoftware: AffiliationSoftware pu\u00f2 recedere dal presente contratto anche senza motivo, mediante comunicazione scritta trasmessa al cliente\u00a0tramite e-mail all&#8217;indirizzo fornito dallo stesso.<span id=\"pagamenti\"><\/span><\/p>\n<p>Effetti del recesso e della risoluzione: in caso di recesso o risoluzione del contratto si applicano le seguenti regole: (1) Il cliente\u00a0\u00e8 tenuto a cessare l\u2019utilizzo del servizio e tutti i diritti ad esso concessi ai sensi del contratto che vengono risolti con effetto immediato. (2) AffiliationSoftware \u00e8 altres\u00ec tenuto a cancellare definitivamente tutti i dati ed i files inerenti al servizio offerto.<\/p>\n<h5>PAGAMENTI E RIMBORSI<\/h5>\n<p>Se non diversamente accordato col cliente, AffiliationSoftware fattura mensilmente il software di affiliazione concesso con licenza SaaS (software as a service). Per assicurarsi della continuit\u00e0 del servizio il cliente \u00e8 tenuto a saldare la fattura\u00a0entro e non oltre la data di scadenza della sua licenza. In caso di mancato pagamento della licenza AffiliationSoftware si riserva il diritto di disattivare la suddetta licenza e cancellare il software di affiliazione del cliente e tutti i dati annessi.<\/p>\n<p>Pagamenti: Tutti i prezzi indicati nel sito e fatturati al cliente sono indicati in Euro (\u20ac). Il cliente ha la possibilit\u00e0 di effettuare i pagamenti tramite paypal, skrill o bonifico bancario. Tuttavia, AffiliationSoftware cercher\u00e0 di adeguarsi al metodo di pagamento preferito dal cliente. Le eventuali spese per il trasferimento delle somme da corrispondere a AffiliationSoftware devono essere sostenute interamente dal cliente. Per ogni pagamento effettuato a AffiliationSoftware il cliente pu\u00f2 richiede la fattura in formato PDF.<\/p>\n<p>Rimborsi: Nell&#8217;eventualit\u00e0 che il cliente non voglia continuare ad utilizzare il servizio pu\u00f2 cancellarsi in qualunque momento, dandocene comunicazione scritta tramite email e\/o annullando il pagamento mensile direttamente dal suo conto PayPal. L\u2019invio del pagamento da parte del cliente viene considerato quale definitiva accettazione a continuare ad utilizzare il software di affiliazione per il periodo saldato. Il cliente pu\u00f2 richiedere per iscritto la cancellazione e il rimborso della somma pagata per utilizzare AffiliationSoftware entro 30 giorni dalla registrazione dell&#8217;account. Eventuali richieste di rimborso per pagamenti posteriori ai 30 giorni di utilizzo del software non verranno prese in considerazione. Non si effettuano rimborsi su acquisti di plugin, servizi aggiuntivi e personalizzazioni di AffiliationSoftware.<\/p>\n<p>Tassazione: Tutte le imposte dovute, in relazione ai pagamenti emessi dal cliente a favore di AffiliationSoftware, sono di esclusiva competenza del cliente. Il cliente \u00e8 il solo responsabile, con riferimento alla legislazione in materia, circa la regolarizzazione della propria posizione di contribuente. AffiliationSoftware infatti, in conformit\u00e0 alla normativa vigente provveder\u00e0 a fatturare il pagamento ricevuto dal cliente in ottemperanza e nei termini previsti dalle disposizioni vigenti. A tal fine \u00e8 necessario fornire le complete generalit\u00e0, comprensive di codice fiscale al momento della registrazione.<\/p>\n<h5>ESCLUSIONE DI RESPONSABILIT\u00c0<\/h5>\n<p>AffiliationSoftware fornisce ai clienti il software necessario per creare il programma di affiliazione e il servizio di hosting dove installare e utilizzare il medesimo,\u00a0limitandosi\u00a0a fornire ospitalit\u00e0 e supporto tecnologico (hosting) per la realizzazione di programmi di affiliazione. L&#8217;attivit\u00e0 di AffiliationSoftware \u00e8 quella di memorizzazione delle informazioni fornite da terzi\u00a0e delle attivit\u00e0 da essi esercitate tramite i siti ospitati e, in conformit\u00e0 alla legge vigente, non \u00e8 a conoscenza dell&#8217;eventuale illiceit\u00e0 di tali informazioni o attivit\u00e0.\u00a0AffiliationSoftware in\u00a0qualit\u00e0 di intermediario tecnico e ai sensi delle vigenti leggi, non risponde dei contenuti pubblicati nei programmi di affiliazione, dei quali sono esclusivamente responsabili i clienti titolari dei programmi di affiliazione.\u00a0AffiliationSoftware non \u00e8 in alcun modo collegata ai programmi di affiliazione dei clienti ospitati sui propri domini, non esercita alcun controllo e non \u00e8 in alcun modo responsabile dei contenuti, delle attivit\u00e0 da essi svolte, delle informazioni, delle opinioni, di eventuali pubblicit\u00e0 esposte, dei servizi o prodotti a pagamento o meno, ivi presenti o offerti, n\u00e9 di altro materiale di qualsiasi tipo reperibile sui\u00a0software dei clienti ospitati\u00a0nel\u00a0proprio dominio e non direttamente forniti da AffiliationSoftware.<\/p>\n<p>AffiliationSoftware declina ogni responsabilit\u00e0 dell&#8217;utilizzo che viene fatto del software di affiliazione dal cliente, che ne \u00e8 l\u2019unico responsabile. Allo stesso modo non si assume alcuna responsabilit\u00e0 per l&#8217;utilizzo che verr\u00e0 fatto dagli utilizzatori dello stesso. AffiliationSoftware non si assume alcuna responsabilit\u00e0 per eventuali danni causati direttamente o indirettamente dai clienti e\/o ai clienti, n\u00e9 tanto meno per danni di siti e\/o servizi causati degli utilizzatori del software. Eventuali lamentele degli utilizzatori del software dovranno essere rivolte direttamente ai clienti e saranno di esclusiva pertinenza dei clienti.\u00a0Qualsiasi interessato che ritenesse l&#8217;attivit\u00e0 o le informazioni di un determinato software siano illecite, sar\u00e0 libero di rivolgersi alle autorit\u00e0 competenti e\/o di chiedere ad AffiliationSoftware di prendere i provvedimenti previsti dalla legge nei confronti del cliente possessore del relativo software.\u00a0In caso di contestazioni sui contenuti pubblicati dai clienti, AffiliationSoftware, quale intermediario tecnico, che non svolge funzioni di moderazione n\u00e9 di direzione dei suddetti contenuti, non ha facolt\u00e0 n\u00e9 potere di intervenire sugli stessi, se non a seguito di esplicita richiesta in tal senso della autorit\u00e0 giudiziaria competente.<\/p>\n<p>AffiliationSoftware declina ogni responsabilit\u00e0 per danni causati dalla discontinuit\u00e0 dei server e\/o problemi con i servizi forniti dagli hosting provider.\u00a0Nel caso si verificassero eventuali guasti, malfunzionamenti o altri inconvenienti, tecnici e non, che causassero l&#8217;arresto momentaneo della contabilizzazione dei vari rapporti, AffiliationSoftware non sar\u00e0 in alcun modo responsabile di eventuali danni e\/o perdite, anche economiche, arrecate al cliente, per cui non saranno consentite richieste di risarcimento.<\/p>\n<p>AffiliationSoftware si riserva il diritto, a suo esclusivo giudizio, di sospendere senza rimborso dei pagamenti, i programmi di affiliazione che svolgono attivit\u00e0 illecite o immorali, che causano problemi sui server, o che inviano email di SPAM tramite il programma di affiliazione ospitato sui nostri server.<\/p>\n<h5>NULLIT\u00c0 DI UNA CLAUSOLA<\/h5>\n<p>Nel caso in cui una o pi\u00f9 clausole del presente contratto dovessero essere o divenire nulle nei confronti di una regola di diritto o di una legge in vigore, ci\u00f2 non influenzerebbe la validit\u00e0 delle restanti disposizioni contrattuali.<\/p>\n<h5>DIRITTO APPLICABILE &#8211; FORO COMPETENTE<\/h5>\n<p>Questo contratto \u00e8 retto dal diritto svizzero, fatti salvi i trattati internazionali sulle norme di collisione e la LF sul diritto privato internazionale. Qualsiasi controversia inerente al presente contratto sar\u00e0 sottoposta esclusivamente al foro di Bellinzona (Switzerland).<\/p>\n<h5>MODIFICHE A QUESTO CONTRATTO<\/h5>\n<p>AffiliationSoftware pu\u00f2 modificare, di propria iniziativa e in qualsiasi tempo, qualsiasi disposizione del presente contratto dandone pubblicit\u00e0 ai clienti su questa pagina. Il cliente dovr\u00e0 accertarsi, attraverso il sito, di essere al corrente di ogni eventuale aggiornamento o modifica apportata al contratto. In caso di aggiornamenti o modifiche al contratto ritenute, per una qualunque ragione, inammissibili o inaccettabili dal cliente, questi potr\u00e0 liberamente recedere dallo stesso richiedendo la cancellazione. Invero, la prosecuzione della partecipazione al servizio costituisce accettazione vincolante della modifica o dell&#8217;aggiornamento entro i 7\u00a0giorni successivi alla modifica. Il cliente \u00e8 dunque tenuto a consultare spesso questa pagina, prendendo come riferimento la data dell&#8217;ultima modifica indicata in basso.<\/p>\n","protected":false},"excerpt":{"rendered":"<p>TERMINI E CONDIZIONI DI SERVIZIO Il presente contratto descrive i termini e le condizioni applicabili ai servizi erogati nel sito web &#8220;https:\/\/www.affiliationsoftware.com&#8221;, di propriet\u00e0 dell&#8217;azienda: IPELWEB di Ilario Pellandini, con sede legale a: Vellano &#8211; 6583 S. Antonio (TI) &#8211; &hellip;<\/p>\n","protected":false},"author":2,"featured_media":0,"parent":0,"menu_order":0,"comment_status":"closed","ping_status":"closed","template":"","meta":{"footnotes":""},"class_list":["post-53","page","type-page","status-publish","hentry"],"yoast_head":"<!-- This site is optimized with the Yoast SEO plugin v27.5 - https:\/\/yoast.com\/product\/yoast-seo-wordpress\/ -->\n<title>Termini e condizioni di servizio - AffiliationSoftware.com<\/title>\n<meta name=\"description\" content=\"TERMINI E CONDIZIONI DI SERVIZIO Il presente contratto descrive i termini e le condizioni applicabili ai servizi erogati nel sito web\" \/>\n<meta name=\"robots\" content=\"index, follow, max-snippet:-1, max-image-preview:large, max-video-preview:-1\" \/>\n<link rel=\"canonical\" href=\"https:\/\/www.affiliationsoftware.com\/it\/pagina\/condizioni\/\" \/>\n<meta property=\"og:locale\" content=\"it_IT\" \/>\n<meta property=\"og:type\" content=\"article\" \/>\n<meta property=\"og:title\" content=\"Termini e condizioni di servizio - AffiliationSoftware.com\" \/>\n<meta property=\"og:description\" content=\"TERMINI E CONDIZIONI DI SERVIZIO Il presente contratto descrive i termini e le condizioni applicabili ai servizi erogati nel sito web\" \/>\n<meta property=\"og:url\" content=\"https:\/\/www.affiliationsoftware.com\/it\/pagina\/condizioni\/\" \/>\n<meta property=\"og:site_name\" content=\"AffiliationSoftware.com\" \/>\n<meta property=\"article:publisher\" content=\"https:\/\/www.facebook.com\/affiliationsoftware\" \/>\n<meta property=\"article:modified_time\" content=\"2018-04-26T20:21:31+00:00\" \/>\n<meta name=\"twitter:card\" content=\"summary_large_image\" \/>\n<meta name=\"twitter:site\" content=\"@affiliationsoft\" \/>\n<meta name=\"twitter:label1\" content=\"Tempo di lettura stimato\" \/>\n\t<meta name=\"twitter:data1\" content=\"7 minuti\" \/>\n<script type=\"application\/ld+json\" class=\"yoast-schema-graph\">{\"@context\":\"https:\\\/\\\/schema.org\",\"@graph\":[{\"@type\":\"WebPage\",\"@id\":\"https:\\\/\\\/www.affiliationsoftware.com\\\/it\\\/pagina\\\/condizioni\\\/\",\"url\":\"https:\\\/\\\/www.affiliationsoftware.com\\\/it\\\/pagina\\\/condizioni\\\/\",\"name\":\"Termini e condizioni di servizio - AffiliationSoftware.com\",\"isPartOf\":{\"@id\":\"https:\\\/\\\/www.affiliationsoftware.com\\\/it\\\/pagina\\\/#website\"},\"datePublished\":\"2015-04-06T11:38:12+00:00\",\"dateModified\":\"2018-04-26T20:21:31+00:00\",\"description\":\"TERMINI E CONDIZIONI DI SERVIZIO Il presente contratto descrive i termini e le condizioni applicabili ai servizi erogati nel sito web\",\"breadcrumb\":{\"@id\":\"https:\\\/\\\/www.affiliationsoftware.com\\\/it\\\/pagina\\\/condizioni\\\/#breadcrumb\"},\"inLanguage\":\"it-IT\",\"potentialAction\":[{\"@type\":\"ReadAction\",\"target\":[\"https:\\\/\\\/www.affiliationsoftware.com\\\/it\\\/pagina\\\/condizioni\\\/\"]}]},{\"@type\":\"BreadcrumbList\",\"@id\":\"https:\\\/\\\/www.affiliationsoftware.com\\\/it\\\/pagina\\\/condizioni\\\/#breadcrumb\",\"itemListElement\":[{\"@type\":\"ListItem\",\"position\":1,\"name\":\"Home\",\"item\":\"https:\\\/\\\/www.affiliationsoftware.com\\\/it\\\/pagina\\\/\"},{\"@type\":\"ListItem\",\"position\":2,\"name\":\"Termini e condizioni di servizio\"}]},{\"@type\":\"WebSite\",\"@id\":\"https:\\\/\\\/www.affiliationsoftware.com\\\/it\\\/pagina\\\/#website\",\"url\":\"https:\\\/\\\/www.affiliationsoftware.com\\\/it\\\/pagina\\\/\",\"name\":\"AffiliationSoftware.com\",\"description\":\"Crea il tuo Programma di Affiliazione\",\"publisher\":{\"@id\":\"https:\\\/\\\/www.affiliationsoftware.com\\\/it\\\/pagina\\\/#organization\"},\"potentialAction\":[{\"@type\":\"SearchAction\",\"target\":{\"@type\":\"EntryPoint\",\"urlTemplate\":\"https:\\\/\\\/www.affiliationsoftware.com\\\/it\\\/pagina\\\/?s={search_term_string}\"},\"query-input\":{\"@type\":\"PropertyValueSpecification\",\"valueRequired\":true,\"valueName\":\"search_term_string\"}}],\"inLanguage\":\"it-IT\"},{\"@type\":\"Organization\",\"@id\":\"https:\\\/\\\/www.affiliationsoftware.com\\\/it\\\/pagina\\\/#organization\",\"name\":\"AffiliationSoftware.com\",\"url\":\"https:\\\/\\\/www.affiliationsoftware.com\\\/it\\\/pagina\\\/\",\"logo\":{\"@type\":\"ImageObject\",\"inLanguage\":\"it-IT\",\"@id\":\"https:\\\/\\\/www.affiliationsoftware.com\\\/it\\\/pagina\\\/#\\\/schema\\\/logo\\\/image\\\/\",\"url\":\"https:\\\/\\\/www.affiliationsoftware.com\\\/it\\\/pagina\\\/wp-content\\\/uploads\\\/logo-social.jpg\",\"contentUrl\":\"https:\\\/\\\/www.affiliationsoftware.com\\\/it\\\/pagina\\\/wp-content\\\/uploads\\\/logo-social.jpg\",\"width\":250,\"height\":250,\"caption\":\"AffiliationSoftware.com\"},\"image\":{\"@id\":\"https:\\\/\\\/www.affiliationsoftware.com\\\/it\\\/pagina\\\/#\\\/schema\\\/logo\\\/image\\\/\"},\"sameAs\":[\"https:\\\/\\\/www.facebook.com\\\/affiliationsoftware\",\"https:\\\/\\\/x.com\\\/affiliationsoft\",\"https:\\\/\\\/www.youtube.com\\\/c\\\/affiliationsoftwarecom\"]}]}<\/script>\n<!-- \/ Yoast SEO plugin. -->","yoast_head_json":{"title":"Termini e condizioni di servizio - AffiliationSoftware.com","description":"TERMINI E CONDIZIONI DI SERVIZIO Il presente contratto descrive i termini e le condizioni applicabili ai servizi erogati nel sito web","robots":{"index":"index","follow":"follow","max-snippet":"max-snippet:-1","max-image-preview":"max-image-preview:large","max-video-preview":"max-video-preview:-1"},"canonical":"https:\/\/www.affiliationsoftware.com\/it\/pagina\/condizioni\/","og_locale":"it_IT","og_type":"article","og_title":"Termini e condizioni di servizio - AffiliationSoftware.com","og_description":"TERMINI E CONDIZIONI DI SERVIZIO Il presente contratto descrive i termini e le condizioni applicabili ai servizi erogati nel sito web","og_url":"https:\/\/www.affiliationsoftware.com\/it\/pagina\/condizioni\/","og_site_name":"AffiliationSoftware.com","article_publisher":"https:\/\/www.facebook.com\/affiliationsoftware","article_modified_time":"2018-04-26T20:21:31+00:00","twitter_card":"summary_large_image","twitter_site":"@affiliationsoft","twitter_misc":{"Tempo di lettura stimato":"7 minuti"},"schema":{"@context":"https:\/\/schema.org","@graph":[{"@type":"WebPage","@id":"https:\/\/www.affiliationsoftware.com\/it\/pagina\/condizioni\/","url":"https:\/\/www.affiliationsoftware.com\/it\/pagina\/condizioni\/","name":"Termini e condizioni di servizio - AffiliationSoftware.com","isPartOf":{"@id":"https:\/\/www.affiliationsoftware.com\/it\/pagina\/#website"},"datePublished":"2015-04-06T11:38:12+00:00","dateModified":"2018-04-26T20:21:31+00:00","description":"TERMINI E CONDIZIONI DI SERVIZIO Il presente contratto descrive i termini e le condizioni applicabili ai servizi erogati nel sito web","breadcrumb":{"@id":"https:\/\/www.affiliationsoftware.com\/it\/pagina\/condizioni\/#breadcrumb"},"inLanguage":"it-IT","potentialAction":[{"@type":"ReadAction","target":["https:\/\/www.affiliationsoftware.com\/it\/pagina\/condizioni\/"]}]},{"@type":"BreadcrumbList","@id":"https:\/\/www.affiliationsoftware.com\/it\/pagina\/condizioni\/#breadcrumb","itemListElement":[{"@type":"ListItem","position":1,"name":"Home","item":"https:\/\/www.affiliationsoftware.com\/it\/pagina\/"},{"@type":"ListItem","position":2,"name":"Termini e condizioni di servizio"}]},{"@type":"WebSite","@id":"https:\/\/www.affiliationsoftware.com\/it\/pagina\/#website","url":"https:\/\/www.affiliationsoftware.com\/it\/pagina\/","name":"AffiliationSoftware.com","description":"Crea il tuo Programma di Affiliazione","publisher":{"@id":"https:\/\/www.affiliationsoftware.com\/it\/pagina\/#organization"},"potentialAction":[{"@type":"SearchAction","target":{"@type":"EntryPoint","urlTemplate":"https:\/\/www.affiliationsoftware.com\/it\/pagina\/?s={search_term_string}"},"query-input":{"@type":"PropertyValueSpecification","valueRequired":true,"valueName":"search_term_string"}}],"inLanguage":"it-IT"},{"@type":"Organization","@id":"https:\/\/www.affiliationsoftware.com\/it\/pagina\/#organization","name":"AffiliationSoftware.com","url":"https:\/\/www.affiliationsoftware.com\/it\/pagina\/","logo":{"@type":"ImageObject","inLanguage":"it-IT","@id":"https:\/\/www.affiliationsoftware.com\/it\/pagina\/#\/schema\/logo\/image\/","url":"https:\/\/www.affiliationsoftware.com\/it\/pagina\/wp-content\/uploads\/logo-social.jpg","contentUrl":"https:\/\/www.affiliationsoftware.com\/it\/pagina\/wp-content\/uploads\/logo-social.jpg","width":250,"height":250,"caption":"AffiliationSoftware.com"},"image":{"@id":"https:\/\/www.affiliationsoftware.com\/it\/pagina\/#\/schema\/logo\/image\/"},"sameAs":["https:\/\/www.facebook.com\/affiliationsoftware","https:\/\/x.com\/affiliationsoft","https:\/\/www.youtube.com\/c\/affiliationsoftwarecom"]}]}},"jetpack_sharing_enabled":true,"_links":{"self":[{"href":"https:\/\/www.affiliationsoftware.com\/it\/pagina\/wp-json\/wp\/v2\/pages\/53","targetHints":{"allow":["GET"]}}],"collection":[{"href":"https:\/\/www.affiliationsoftware.com\/it\/pagina\/wp-json\/wp\/v2\/pages"}],"about":[{"href":"https:\/\/www.affiliationsoftware.com\/it\/pagina\/wp-json\/wp\/v2\/types\/page"}],"author":[{"embeddable":true,"href":"https:\/\/www.affiliationsoftware.com\/it\/pagina\/wp-json\/wp\/v2\/users\/2"}],"replies":[{"embeddable":true,"href":"https:\/\/www.affiliationsoftware.com\/it\/pagina\/wp-json\/wp\/v2\/comments?post=53"}],"version-history":[{"count":0,"href":"https:\/\/www.affiliationsoftware.com\/it\/pagina\/wp-json\/wp\/v2\/pages\/53\/revisions"}],"wp:attachment":[{"href":"https:\/\/www.affiliationsoftware.com\/it\/pagina\/wp-json\/wp\/v2\/media?parent=53"}],"curies":[{"name":"wp","href":"https:\/\/api.w.org\/{rel}","templated":true}]}}